{"id":56,"date":"2020-05-28T16:46:23","date_gmt":"2020-05-28T14:46:23","guid":{"rendered":"http:\/\/insomniaquecie.com\/?page_id=56"},"modified":"2023-05-25T15:58:33","modified_gmt":"2023-05-25T13:58:33","slug":"contact-agenda","status":"publish","type":"page","link":"https:\/\/insomniaquecie.com\/index.php\/contact-agenda\/","title":{"rendered":"Contact"},"content":{"rendered":"\n<div class=\"wp-block-media-text alignwide has-media-on-the-right is-stacked-on-mobile\" style=\"grid-template-columns:auto 51%\"><div class=\"wp-block-media-text__content\">\n<p><strong>Mar\u00e9va Carassou<\/strong><br>T\u00e9l : 06 87 61 37 76<br>@ : insomniaque.cie@gmail.com<\/p>\n\n\n\n<p><strong>L&#8217;Insomniaque Cie<\/strong><br>16 rue Boscary<br>13004 Marseille <\/p>\n\n\n\n<p>Pr\u00e9sidente : Corinne Nobileau<br>SIRET : 819 200 106 00030<br>Licence : <strong>PLATESV R 2022-008775<\/strong><\/p>\n<\/div><figure class=\"wp-block-media-text__media\"><img decoding=\"async\" loading=\"lazy\" width=\"1024\" height=\"682\" src=\"http:\/\/insomniaquecie.com\/wp-content\/uploads\/2020\/06\/Logo-LInsomniaque-Cie-1024x682.jpg\" alt=\"\" class=\"wp-image-414 size-full\" srcset=\"https:\/\/insomniaquecie.com\/wp-content\/uploads\/2020\/06\/Logo-LInsomniaque-Cie-1024x682.jpg 1024w, https:\/\/insomniaquecie.com\/wp-content\/uploads\/2020\/06\/Logo-LInsomniaque-Cie-300x200.jpg 300w, https:\/\/insomniaquecie.com\/wp-content\/uploads\/2020\/06\/Logo-LInsomniaque-Cie-768x511.jpg 768w, https:\/\/insomniaquecie.com\/wp-content\/uploads\/2020\/06\/Logo-LInsomniaque-Cie.jpg 1280w\" sizes=\"(max-width: 706px) 89vw, (max-width: 767px) 82vw, 740px\" \/><\/figure><\/div>\n","protected":false},"excerpt":{"rendered":"<p>Mar\u00e9va CarassouT\u00e9l : 06 87 61 37 76@ : insomniaque.cie@gmail.com L&#8217;Insomniaque Cie16 rue Boscary13004 Marseille Pr\u00e9sidente : Corinne NobileauSIRET : 819 200 106 00030Licence : PLATESV R 2022-008775<\/p>\n","protected":false},"author":1,"featured_media":0,"parent":0,"menu_order":0,"comment_status":"closed","ping_status":"closed","template":"","meta":[],"_links":{"self":[{"href":"https:\/\/insomniaquecie.com\/index.php\/wp-json\/wp\/v2\/pages\/56"}],"collection":[{"href":"https:\/\/insomniaquecie.com\/index.php\/wp-json\/wp\/v2\/pages"}],"about":[{"href":"https:\/\/insomniaquecie.com\/index.php\/wp-json\/wp\/v2\/types\/page"}],"author":[{"embeddable":true,"href":"https:\/\/insomniaquecie.com\/index.php\/wp-json\/wp\/v2\/users\/1"}],"replies":[{"embeddable":true,"href":"https:\/\/insomniaquecie.com\/index.php\/wp-json\/wp\/v2\/comments?post=56"}],"version-history":[{"count":13,"href":"https:\/\/insomniaquecie.com\/index.php\/wp-json\/wp\/v2\/pages\/56\/revisions"}],"predecessor-version":[{"id":965,"href":"https:\/\/insomniaquecie.com\/index.php\/wp-json\/wp\/v2\/pages\/56\/revisions\/965"}],"wp:attachment":[{"href":"https:\/\/insomniaquecie.com\/index.php\/wp-json\/wp\/v2\/media?parent=56"}],"curies":[{"name":"wp","href":"https:\/\/api.w.org\/{rel}","templated":true}]}}