{"id":42,"date":"2020-05-28T16:43:29","date_gmt":"2020-05-28T14:43:29","guid":{"rendered":"http:\/\/insomniaquecie.com\/?page_id=42"},"modified":"2026-02-11T09:40:32","modified_gmt":"2026-02-11T08:40:32","slug":"presentation","status":"publish","type":"page","link":"https:\/\/insomniaquecie.com\/index.php\/linsomniaque-cie\/presentation\/","title":{"rendered":"La Compagnie"},"content":{"rendered":"\n<h5>L&#8217;insomniaque cie<\/h5>\n\n\n\n<p class=\"has-text-align-left\">L\u2019Insomniaque Cie est cr\u00e9\u00e9e par Mar\u00e9va Carassou, en janvier 2016 \u00e0 Marseille. <\/p>\n\n\n\n<p class=\"has-text-align-left\"><em><strong>Malfoutus<\/strong><\/em> est le premier spectacle de la compagnie. L&#8217;Insomniaque Cie est n\u00e9e du d\u00e9sir de porter \u00e0 la sc\u00e8ne <em><strong>Malfoutus<\/strong><\/em> qui conjugue texte, marionnettes, objets et jeu d\u2019actrice \u00e0 destination du jeune public. <\/p>\n\n\n\n<p class=\"has-text-align-left\">En 2019, elle cr\u00e9e avec Maud Hufnagel, <strong><em>Fly, Colton, fly <\/em><\/strong>de Jalie Barcilon. Pour cette occasion, L&#8217;Insomniaque Cie s&#8217;associe avec Et Compagnie . <\/p>\n\n\n\n<p class=\"has-text-align-left\">En 2020, elle s&#8217;engage aupr\u00e8s d&#8217;H\u00e9l\u00e8ne Lina Bosch pour co-construire une mise en sc\u00e8ne du texte qu\u00e9b\u00e9cois de Marie-H\u00e9l\u00e8ne Larose-Truchon, <em><strong>Cr\u00e8me-Glac\u00e9e<\/strong><\/em>. <\/p>\n\n\n\n<p class=\"has-text-align-left\">En 2024, c&#8217;est aux c\u00f4t\u00e9s du com\u00e9dien et musicien Fr\u00e9d\u00e9ric Sechet qu&#8217;elle imagine une nouvelle collaboration. Ensemble, ils cr\u00e9ent les <strong><em>7 p\u00e9ch\u00e9s du Capital !<\/em><\/strong><\/p>\n\n\n\n<p class=\"has-text-align-left\"><br> L\u2019inspiration po\u00e9tique, des spectacles de L&#8217;Insomniaque, se nourrit d\u2019un questionnement permanent sur la repr\u00e9sentation th\u00e9\u00e2trale de personnages et de vies \u00e0 la marge. <\/p>\n\n\n\n<p class=\"has-text-align-left\">La recherche men\u00e9e par L&#8217;Insomniaque Cie se cristallise autour de l&#8217;art du jeu de l&#8217;acteur et du th\u00e9\u00e2tre de marionnette et de ses arts associ\u00e9s.<br><br><\/p>\n\n\n\n<hr class=\"wp-block-separator has-css-opacity\"\/>\n\n\n\n<h5><strong>Mar\u00e9va Carassou<\/strong><\/h5>\n\n\n\n<p>Mar\u00e9va est n\u00e9e en 1975 \u00e0 Paris. Elle se forme au m\u00e9tier de com\u00e9dienne dans l\u2019\u00e9cole&nbsp;<em><strong>Parenth\u00e8ses&nbsp;<\/strong><\/em>dirig\u00e9e par Lucien Marchal \u00e0 Paris XI et au&nbsp;<em><strong>Studio Th\u00e9\u00e2tre d\u2019Asni\u00e8res<\/strong><\/em>&nbsp;dirig\u00e9 par Jean-Louis Martin Barbas. En 2000,  elle co-fonde la compagnie La Poursuite avec Hala Ghosn, H\u00e9l\u00e8ne Lina Bosch, H\u00e9l\u00e8ne Arnault et Jean-Fran\u00e7ois Sir\u00e9rol. <br>Mar\u00e9va met en sc\u00e8ne au sein de La Poursuite :<em>&nbsp;<strong>La Chienne de Tazmamart<\/strong><\/em><strong>&nbsp;<\/strong>d\u2019Abdelhak Serhane et <em><strong>Lucien<\/strong>,<\/em> solo de th\u00e9\u00e2tre et de marionnette, adapt\u00e9 du roman de G\u00e9rard Alle&nbsp;<em>Bartali zigzag.<\/em><br>Avec La Poursuite, elle est com\u00e9dienne dans&nbsp;<em><strong>A la Folie<\/strong> <\/em>de Jalie Barcilon et dans&nbsp;<em><strong>L\u2019Avare<\/strong><\/em><strong>&nbsp;<\/strong>de Moli\u00e8re, mises en sc\u00e8nes d&#8217;Hala Ghosn.<br>Elle danse et joue dans&nbsp;<em><strong>Un paso, s\u2019il vous plait&nbsp;<\/strong><\/em>chor\u00e9graphie de Christophe Garcia avec la compagnie La Parenth\u00e8se.<br>Elle est com\u00e9dienne et marionnettiste dans les spectacles de la Brat Cie :&nbsp;<em><strong>La kermesse<\/strong><\/em><strong> <em>que nous vous avons pr\u00e9par\u00e9 tout l\u2019hiver<\/em>,<\/strong>&nbsp;<em><strong>Un jour M.T<\/strong><\/em>,&nbsp;&nbsp;<em><strong>Le Vieil homme aux<\/strong><\/em><strong> <\/strong><em><strong>Oiseaux<\/strong><\/em>&nbsp;de Marius Von Mayenburg et regard ext\u00e9rieur dans <strong>La Ferme !<\/strong>, adaptation de La Ferme des Animaux de George Orwell. <\/p>\n\n\n\n<p>Elle met en sc\u00e8ne et joue dans tous les spectacles de L&#8217;Insomniaque Cie. Elle est regard ext\u00e9rieur pour Margo Chou dans<em><strong> Liliana Butter Not<\/strong><\/em> (13), pour la compagnie \u00c9trange Miroir, <em><strong>Cin\u00e9ma Atlas<\/strong><\/em> (44), elle \u00e9crit avec Ma\u00efa Ricaud, cie Les Chiennes Nationales (31), la Chronique n\u00b03 du spectacle : Vivre ! Chroniques d&#8217;un mouvement.<\/p>\n\n\n\n<p><br>Parall\u00e8lement \u00e0 son travail artistique,\u00a0elle m\u00e8ne au sein de La Poursuite, de 2004 \u00e0 2010, des ateliers p\u00e9dagogiques avec le Nouveau Th\u00e9\u00e2tre de Montreuil (93).\u00a0<br>En 2013, elle cr\u00e9e avec La Poursuite, des formes th\u00e9\u00e2trales \u00e0 l\u2019int\u00e9rieur de dispositifs tels que\u00a0<em>Culture \u00e0 l\u2019H\u00f4pital\u00a0<\/em>et <em>Un artiste, Un coll\u00e8ge<\/em> .<br>En 2020, elle obtient son dipl\u00f4me d\u2019\u00c9tat de Professeure de Th\u00e9\u00e2tre. En 2023, elle enseigne au Conservatoire de Toulon Provence M\u00e9diterran\u00e9e aupr\u00e8s 4\u00e8me, 3\u00e8me et secondes. Elle est artiste enseignante aupr\u00e8s des Terminales en sp\u00e9cialit\u00e9 Th\u00e9\u00e2tre au Lyc\u00e9e de Miramas. Elle accompagne une classe &#8220;exp\u00e9rimentale de th\u00e9\u00e2tre&#8221; au Coll\u00e8ge de la Belle de Mai \u00e0 Marseille avec le th\u00e9\u00e2tre Massalia.  <\/p>\n\n\n\n<p><\/p>\n\n\n\n<p><\/p>\n\n\n\n<figure class=\"wp-block-image size-large\"><img decoding=\"async\" loading=\"lazy\" width=\"1024\" height=\"798\" src=\"http:\/\/insomniaquecie.com\/wp-content\/uploads\/2023\/05\/theatre-dobjet-1-1024x798.jpg\" alt=\"\" class=\"wp-image-957\" srcset=\"https:\/\/insomniaquecie.com\/wp-content\/uploads\/2023\/05\/theatre-dobjet-1-1024x798.jpg 1024w, https:\/\/insomniaquecie.com\/wp-content\/uploads\/2023\/05\/theatre-dobjet-1-300x234.jpg 300w, https:\/\/insomniaquecie.com\/wp-content\/uploads\/2023\/05\/theatre-dobjet-1-768x599.jpg 768w, https:\/\/insomniaquecie.com\/wp-content\/uploads\/2023\/05\/theatre-dobjet-1-1536x1198.jpg 1536w, https:\/\/insomniaquecie.com\/wp-content\/uploads\/2023\/05\/theatre-dobjet-1-2048x1597.jpg 2048w\" sizes=\"(max-width: 706px) 89vw, (max-width: 767px) 82vw, 740px\" \/><\/figure>\n\n\n\n<figure class=\"wp-block-image\"><img alt=\"\"\/><\/figure>\n\n\n\n<p><strong>L&#8217;Insomniaque Cie<\/strong> est r\u00e9f\u00e9renc\u00e9e depuis mars 2023, sur la plateforme <strong>ADAGE<\/strong> et propose deux offres collectives, une adapt\u00e9e aux coll\u00e9giens en classe ULIS ou en dispositif SEGPA et une autre \u00e0 l&#8217;attention des lyc\u00e9ens. <\/p>\n\n\n\n<p><em>\u00ab&nbsp;La profession th\u00e9\u00e2trale, qui appartient \u00e0 quelques-uns, ne doit pas cacher l\u2019existence et la permanence de la vocation th\u00e9\u00e2trale, qui appartient \u00e0 tous. Le th\u00e9\u00e2tre est une vocation pour tout \u00eatre humain \u00bb<\/em>. Augusto Boal, (<em>Le Th\u00e9\u00e2tre de l\u2019Opprim\u00e9<\/em>, 1971).<\/p>\n\n\n\n<p><\/p>\n\n\n\n<figure class=\"wp-block-image size-large is-resized\"><img decoding=\"async\" loading=\"lazy\" src=\"http:\/\/insomniaquecie.com\/wp-content\/uploads\/2025\/03\/DSCN0190-1024x768.jpg\" alt=\"\" class=\"wp-image-1149\" width=\"674\" height=\"505\" srcset=\"https:\/\/insomniaquecie.com\/wp-content\/uploads\/2025\/03\/DSCN0190-1024x768.jpg 1024w, https:\/\/insomniaquecie.com\/wp-content\/uploads\/2025\/03\/DSCN0190-300x225.jpg 300w, https:\/\/insomniaquecie.com\/wp-content\/uploads\/2025\/03\/DSCN0190-768x576.jpg 768w, https:\/\/insomniaquecie.com\/wp-content\/uploads\/2025\/03\/DSCN0190-1536x1152.jpg 1536w, https:\/\/insomniaquecie.com\/wp-content\/uploads\/2025\/03\/DSCN0190-2048x1536.jpg 2048w\" sizes=\"(max-width: 674px) 100vw, 674px\" \/><figcaption class=\"wp-element-caption\">La Gourmandise dans les 7 p\u00e9ch\u00e9s du Capital.<\/figcaption><\/figure>\n\n\n\n<p><\/p>\n","protected":false},"excerpt":{"rendered":"<p>L&#8217;insomniaque cie L\u2019Insomniaque Cie est cr\u00e9\u00e9e par Mar\u00e9va Carassou, en janvier 2016 \u00e0 Marseille. Malfoutus est le premier spectacle de la compagnie. L&#8217;Insomniaque Cie est n\u00e9e du d\u00e9sir de porter \u00e0 la sc\u00e8ne Malfoutus qui conjugue texte, marionnettes, objets et jeu d\u2019actrice \u00e0 destination du jeune public. En 2019, elle cr\u00e9e avec Maud Hufnagel, Fly, &hellip; <\/p>\n<p class=\"link-more\"><a href=\"https:\/\/insomniaquecie.com\/index.php\/linsomniaque-cie\/presentation\/\" class=\"more-link\">Continue reading<span class=\"screen-reader-text\"> &#8220;La Compagnie&#8221;<\/span><\/a><\/p>\n","protected":false},"author":1,"featured_media":0,"parent":378,"menu_order":0,"comment_status":"closed","ping_status":"closed","template":"","meta":[],"_links":{"self":[{"href":"https:\/\/insomniaquecie.com\/index.php\/wp-json\/wp\/v2\/pages\/42"}],"collection":[{"href":"https:\/\/insomniaquecie.com\/index.php\/wp-json\/wp\/v2\/pages"}],"about":[{"href":"https:\/\/insomniaquecie.com\/index.php\/wp-json\/wp\/v2\/types\/page"}],"author":[{"embeddable":true,"href":"https:\/\/insomniaquecie.com\/index.php\/wp-json\/wp\/v2\/users\/1"}],"replies":[{"embeddable":true,"href":"https:\/\/insomniaquecie.com\/index.php\/wp-json\/wp\/v2\/comments?post=42"}],"version-history":[{"count":41,"href":"https:\/\/insomniaquecie.com\/index.php\/wp-json\/wp\/v2\/pages\/42\/revisions"}],"predecessor-version":[{"id":1196,"href":"https:\/\/insomniaquecie.com\/index.php\/wp-json\/wp\/v2\/pages\/42\/revisions\/1196"}],"up":[{"embeddable":true,"href":"https:\/\/insomniaquecie.com\/index.php\/wp-json\/wp\/v2\/pages\/378"}],"wp:attachment":[{"href":"https:\/\/insomniaquecie.com\/index.php\/wp-json\/wp\/v2\/media?parent=42"}],"curies":[{"name":"wp","href":"https:\/\/api.w.org\/{rel}","templated":true}]}}