{"id":38,"date":"2020-05-28T16:43:28","date_gmt":"2020-05-28T14:43:28","guid":{"rendered":"http:\/\/insomniaquecie.com\/?page_id=38"},"modified":"2022-12-03T11:19:54","modified_gmt":"2022-12-03T10:19:54","slug":"creme-glacee-2","status":"publish","type":"page","link":"https:\/\/insomniaquecie.com\/index.php\/creme-glacee-2\/","title":{"rendered":"Cr\u00e8me-Glac\u00e9e"},"content":{"rendered":"\n<p class=\"has-small-font-size\"><strong>Cr\u00e9ation 2022<\/strong><\/p>\n\n\n\n<div class=\"is-layout-flex wp-container-3 wp-block-columns has-2-columns\">\n<div class=\"is-layout-flow wp-block-column\">\n<figure class=\"wp-block-image\"><img decoding=\"async\" loading=\"lazy\" width=\"640\" height=\"901\" src=\"http:\/\/insomniaquecie.com\/wp-content\/uploads\/2021\/12\/Cr\u00e8me-glac\u00e9e-2-site.jpg\" alt=\"\" class=\"wp-image-807\" srcset=\"https:\/\/insomniaquecie.com\/wp-content\/uploads\/2021\/12\/Cr\u00e8me-glac\u00e9e-2-site.jpg 640w, https:\/\/insomniaquecie.com\/wp-content\/uploads\/2021\/12\/Cr\u00e8me-glac\u00e9e-2-site-213x300.jpg 213w\" sizes=\"(max-width: 640px) 100vw, 640px\" \/><figcaption class=\"wp-element-caption\">\u00a9 Mar\u00e9va Carassou<\/figcaption><\/figure>\n<\/div>\n\n\n\n<div class=\"is-layout-flow wp-block-column\">\n<p class=\"has-text-align-right has-small-font-size\"><strong>Th\u00e9\u00e2tre<br>\u00e0 partir de 8 ans<\/strong><\/p>\n\n\n\n<p class=\"has-small-font-size\"><em>C\u2019est le th\u00e8me du voyage initiatique du passage de l\u2019enfance vers l\u2019adolescence qui nous stimule \u00e0 lancer ce projet et \u00e0 porter ce texte \u00e0 la sc\u00e8ne. Ici ce passage est une \u00e9preuve qui s\u2019op\u00e8re au fond du pot&#8230;  <\/em><\/p>\n\n\n\n<p class=\"has-small-font-size\"><strong>LA PI\u00c8CE\ufeff<\/strong><br><\/p>\n\n\n\n<p class=\"has-small-font-size\">La petite <strong>Cr\u00e8me-Glac\u00e9e<\/strong> est une enfant solitaire, r\u00e9fl\u00e9chie, couv\u00e9e par sa m\u00e8re mais aussi souvent abandonn\u00e9e \u00e0 <strong>Samantha<\/strong>, la gardienne, baby sitter adolescente. En effet, <strong>Madame sa m\u00e8re<\/strong> est toujours tr\u00e8s press\u00e9e de sauver l\u2019environnement et n\u2019a jamais le temps de finir ses histoires. <strong>Cr\u00e8me-Glac\u00e9e<\/strong> en a assez.&nbsp;<br>En plus, il lui est interdit d\u2019en manger, de la cr\u00e8me glac\u00e9e, car son nom \u00ab <em>est d\u00e9j\u00e0 bien assez sucr\u00e9 <\/em>\u00bb. Ainsi, par esprit de r\u00e9bellion, la col\u00e8re de Cr\u00e8me-Glac\u00e9e va la mener au fond du pot &#8230;<\/p>\n\n\n\n<p class=\"has-small-font-size\"><strong><a href=\"http:\/\/insomniaquecie.com\/wp-content\/uploads\/2021\/12\/Dossier-Cr\u00e8me-Glac\u00e9e-cr\u00e9ation-2022.pdf\" target=\"_blank\" rel=\"noreferrer noopener\" aria-label=\"LE DOSSIER&nbsp;-&nbsp;\u00e0&nbsp;t\u00e9l\u00e9charger&nbsp;ici (s\u2019ouvre dans un nouvel onglet)\">LE DOSSIER&nbsp;&#8211;&nbsp;\u00e0&nbsp;t\u00e9l\u00e9charger&nbsp;ici<\/a><\/strong><\/p>\n<\/div>\n<\/div>\n\n\n\n<p class=\"has-small-font-size\"><strong>EXTRAITS SONORES<\/strong><\/p>\n\n\n\n<figure class=\"wp-block-audio\"><audio controls src=\"http:\/\/insomniaquecie.com\/wp-content\/uploads\/2021\/01\/CREME-GL1-La-vieille.mp3\"><\/audio><\/figure>\n\n\n\n<figure class=\"wp-block-audio\"><audio controls src=\"http:\/\/insomniaquecie.com\/wp-content\/uploads\/2021\/01\/CREME-GL1-dans-le-pot1.mp3\"><\/audio><\/figure>\n\n\n\n<p class=\"has-text-align-left has-small-font-size\"><em><strong>Cr\u00e8me-Glac\u00e9e<\/strong> interpr\u00e9t\u00e9e par Florine Mullard<br> <strong>La Vieille qui s&#8217;emmerde<\/strong> interpr\u00e9t\u00e9e par H\u00e9l\u00e8ne Lina Bosch<\/em><br><\/p>\n\n\n\n<p>Photos de Ludovic Blasco, Th\u00e9\u00e2tre de la Joliette, Marseille, octobre 2022.<\/p>\n\n\n\n<hr class=\"wp-block-separator has-css-opacity\"\/>\n\n\n\n<figure class=\"is-layout-flex wp-block-gallery-4 wp-block-gallery has-nested-images columns-default is-cropped\">\n<figure class=\"wp-block-image size-large\"><img decoding=\"async\" loading=\"lazy\" width=\"1024\" height=\"576\" data-id=\"926\"  src=\"http:\/\/insomniaquecie.com\/wp-content\/uploads\/2022\/12\/vlcsnap-2022-11-03-13h59m10s717-2-1024x576.png\" alt=\"\" class=\"wp-image-926\" srcset=\"https:\/\/insomniaquecie.com\/wp-content\/uploads\/2022\/12\/vlcsnap-2022-11-03-13h59m10s717-2-1024x576.png 1024w, https:\/\/insomniaquecie.com\/wp-content\/uploads\/2022\/12\/vlcsnap-2022-11-03-13h59m10s717-2-300x169.png 300w, https:\/\/insomniaquecie.com\/wp-content\/uploads\/2022\/12\/vlcsnap-2022-11-03-13h59m10s717-2-768x432.png 768w, https:\/\/insomniaquecie.com\/wp-content\/uploads\/2022\/12\/vlcsnap-2022-11-03-13h59m10s717-2-1536x864.png 1536w, https:\/\/insomniaquecie.com\/wp-content\/uploads\/2022\/12\/vlcsnap-2022-11-03-13h59m10s717-2.png 1920w\" sizes=\"(max-width: 706px) 89vw, (max-width: 767px) 82vw, 740px\" \/><\/figure>\n\n\n\n<figure class=\"wp-block-image size-large\"><img decoding=\"async\" loading=\"lazy\" width=\"1024\" height=\"576\" data-id=\"920\"  src=\"http:\/\/insomniaquecie.com\/wp-content\/uploads\/2022\/12\/vlcsnap-2022-11-03-14h00m58s813-1024x576.png\" alt=\"\" class=\"wp-image-920\" srcset=\"https:\/\/insomniaquecie.com\/wp-content\/uploads\/2022\/12\/vlcsnap-2022-11-03-14h00m58s813-1024x576.png 1024w, https:\/\/insomniaquecie.com\/wp-content\/uploads\/2022\/12\/vlcsnap-2022-11-03-14h00m58s813-300x169.png 300w, https:\/\/insomniaquecie.com\/wp-content\/uploads\/2022\/12\/vlcsnap-2022-11-03-14h00m58s813-768x432.png 768w, https:\/\/insomniaquecie.com\/wp-content\/uploads\/2022\/12\/vlcsnap-2022-11-03-14h00m58s813-1536x864.png 1536w, https:\/\/insomniaquecie.com\/wp-content\/uploads\/2022\/12\/vlcsnap-2022-11-03-14h00m58s813.png 1920w\" sizes=\"(max-width: 706px) 89vw, (max-width: 767px) 82vw, 740px\" \/><\/figure>\n\n\n\n<figure class=\"wp-block-image size-large\"><img decoding=\"async\" loading=\"lazy\" width=\"1024\" height=\"576\" data-id=\"919\"  src=\"http:\/\/insomniaquecie.com\/wp-content\/uploads\/2022\/12\/vlcsnap-2022-11-03-14h10m16s131-1024x576.png\" alt=\"\" class=\"wp-image-919\" srcset=\"https:\/\/insomniaquecie.com\/wp-content\/uploads\/2022\/12\/vlcsnap-2022-11-03-14h10m16s131-1024x576.png 1024w, https:\/\/insomniaquecie.com\/wp-content\/uploads\/2022\/12\/vlcsnap-2022-11-03-14h10m16s131-300x169.png 300w, https:\/\/insomniaquecie.com\/wp-content\/uploads\/2022\/12\/vlcsnap-2022-11-03-14h10m16s131-768x432.png 768w, https:\/\/insomniaquecie.com\/wp-content\/uploads\/2022\/12\/vlcsnap-2022-11-03-14h10m16s131-1536x864.png 1536w, https:\/\/insomniaquecie.com\/wp-content\/uploads\/2022\/12\/vlcsnap-2022-11-03-14h10m16s131.png 1920w\" sizes=\"(max-width: 706px) 89vw, (max-width: 767px) 82vw, 740px\" \/><\/figure>\n\n\n\n<figure class=\"wp-block-image size-large\"><img decoding=\"async\" loading=\"lazy\" width=\"1024\" height=\"576\" data-id=\"923\"  src=\"http:\/\/insomniaquecie.com\/wp-content\/uploads\/2022\/12\/vlcsnap-2022-11-03-14h05m16s463-1024x576.png\" alt=\"\" class=\"wp-image-923\" srcset=\"https:\/\/insomniaquecie.com\/wp-content\/uploads\/2022\/12\/vlcsnap-2022-11-03-14h05m16s463-1024x576.png 1024w, https:\/\/insomniaquecie.com\/wp-content\/uploads\/2022\/12\/vlcsnap-2022-11-03-14h05m16s463-300x169.png 300w, https:\/\/insomniaquecie.com\/wp-content\/uploads\/2022\/12\/vlcsnap-2022-11-03-14h05m16s463-768x432.png 768w, https:\/\/insomniaquecie.com\/wp-content\/uploads\/2022\/12\/vlcsnap-2022-11-03-14h05m16s463-1536x864.png 1536w, https:\/\/insomniaquecie.com\/wp-content\/uploads\/2022\/12\/vlcsnap-2022-11-03-14h05m16s463.png 1920w\" sizes=\"(max-width: 706px) 89vw, (max-width: 767px) 82vw, 740px\" \/><\/figure>\n\n\n\n<figure class=\"wp-block-image size-large\"><img decoding=\"async\" loading=\"lazy\" width=\"1024\" height=\"576\" data-id=\"922\"  src=\"http:\/\/insomniaquecie.com\/wp-content\/uploads\/2022\/12\/vlcsnap-2022-11-03-14h07m16s915-1024x576.png\" alt=\"\" class=\"wp-image-922\" srcset=\"https:\/\/insomniaquecie.com\/wp-content\/uploads\/2022\/12\/vlcsnap-2022-11-03-14h07m16s915-1024x576.png 1024w, https:\/\/insomniaquecie.com\/wp-content\/uploads\/2022\/12\/vlcsnap-2022-11-03-14h07m16s915-300x169.png 300w, https:\/\/insomniaquecie.com\/wp-content\/uploads\/2022\/12\/vlcsnap-2022-11-03-14h07m16s915-768x432.png 768w, https:\/\/insomniaquecie.com\/wp-content\/uploads\/2022\/12\/vlcsnap-2022-11-03-14h07m16s915-1536x864.png 1536w, https:\/\/insomniaquecie.com\/wp-content\/uploads\/2022\/12\/vlcsnap-2022-11-03-14h07m16s915.png 1920w\" sizes=\"(max-width: 706px) 89vw, (max-width: 767px) 82vw, 740px\" \/><\/figure>\n\n\n\n<figure class=\"wp-block-image size-large\"><img decoding=\"async\" loading=\"lazy\" width=\"1024\" height=\"576\" data-id=\"921\"  src=\"http:\/\/insomniaquecie.com\/wp-content\/uploads\/2022\/12\/vlcsnap-2022-11-03-14h08m24s930-1024x576.png\" alt=\"\" class=\"wp-image-921\" srcset=\"https:\/\/insomniaquecie.com\/wp-content\/uploads\/2022\/12\/vlcsnap-2022-11-03-14h08m24s930-1024x576.png 1024w, https:\/\/insomniaquecie.com\/wp-content\/uploads\/2022\/12\/vlcsnap-2022-11-03-14h08m24s930-300x169.png 300w, https:\/\/insomniaquecie.com\/wp-content\/uploads\/2022\/12\/vlcsnap-2022-11-03-14h08m24s930-768x432.png 768w, https:\/\/insomniaquecie.com\/wp-content\/uploads\/2022\/12\/vlcsnap-2022-11-03-14h08m24s930-1536x864.png 1536w, https:\/\/insomniaquecie.com\/wp-content\/uploads\/2022\/12\/vlcsnap-2022-11-03-14h08m24s930.png 1920w\" sizes=\"(max-width: 706px) 89vw, (max-width: 767px) 82vw, 740px\" \/><\/figure>\n<\/figure>\n\n\n\n<hr class=\"wp-block-separator has-css-opacity\"\/>\n\n\n\n<p class=\"has-small-font-size\"><\/p>\n\n\n\n<p class=\"has-small-font-size\"><\/p>\n\n\n\n<figure class=\"is-layout-flex wp-block-gallery-6 wp-block-gallery has-nested-images columns-2 is-cropped\">\n<figure class=\"wp-block-image\"><img decoding=\"async\" loading=\"lazy\" width=\"640\" height=\"282\" data-id=\"789\"  src=\"http:\/\/insomniaquecie.com\/wp-content\/uploads\/2021\/12\/Cr\u00e8me-sc\u00e9no-7.jpg\" alt=\"\" class=\"wp-image-789\" srcset=\"https:\/\/insomniaquecie.com\/wp-content\/uploads\/2021\/12\/Cr\u00e8me-sc\u00e9no-7.jpg 640w, https:\/\/insomniaquecie.com\/wp-content\/uploads\/2021\/12\/Cr\u00e8me-sc\u00e9no-7-300x132.jpg 300w\" sizes=\"(max-width: 640px) 100vw, 640px\" \/><\/figure>\n<\/figure>\n\n\n\n<hr class=\"wp-block-separator has-css-opacity\"\/>\n\n\n\n<p class=\"has-small-font-size\"><strong>MENTIONS OBLIGATOIRES<\/strong><\/p>\n\n\n\n<p class=\"has-small-font-size\"><strong>Soutiens \u00e0 la cr\u00e9ation<\/strong>  DRAC PACA, Arsud &#8211; Plateaux solidaires. Ville de Marseille, service culturel. D\u00e9partement des Bouches-du-Rh\u00f4ne.<br><strong>Accueils en r\u00e9sidences <\/strong> Th\u00e9\u00e2tre de Cuisine, Marseille I\u00a0Centre social Julien, Marseille I Th\u00e9\u00e2tre\u00a0de la Verrerie, Aix-en-Provence I Th\u00e9\u00e2tre de\u00a0Fontblanche, Vitrolles I Th\u00e9\u00e2tre Joliette, Sc\u00e8ne conventionn\u00e9e art et cr\u00e9ation &#8211; expressions et\u00a0\u00e9critures contemporaines, Marseille I Le Totem, Sc\u00e8ne conventionn\u00e9e Art, enfance, jeunesse, Avignon.<br><strong>Accompagnement \u00e0  la production et \u00e0 la communication <\/strong>Th\u00e9\u00e2tre de Cuisine, Marseille.<\/p>\n\n\n\n<p class=\"has-small-font-size\"><strong>Diffusion 2022\/2023 <\/strong>Th\u00e9\u00e2tre de&nbsp;Fontblanche, Vitrolles \/ Th\u00e9\u00e2tre Coemedia, Aubagne\/ Centre Dramatique des Villages du Haut-Vaucluse \/ Le Forum, Berre l&#8217;Etang \/ Service culturel de la ville Le Beausset \/ Service culturel de la ville de Pertuis \/ Th\u00e9\u00e2tre&nbsp;Mar\u00e9lios, Le&nbsp;Pradet \/ Sc\u00e8nes et Cin\u00e9s : Port Saint-P\u00e8re,  Cornillon-Confoux, Saint Mitre les Remparts\/Th\u00e9\u00e2tre de la Joliette, Marseille<\/p>\n\n\n\n<div class=\"is-layout-flex wp-container-10 wp-block-columns has-2-columns\">\n<div class=\"is-layout-flow wp-block-column\"><div class=\"wp-block-image\">\n<figure class=\"alignleft is-resized\"><img decoding=\"async\" loading=\"lazy\" src=\"http:\/\/insomniaquecie.com\/wp-content\/uploads\/2021\/07\/web-PREF_region_Provence_Alpes_Cote_d_Azur_N.jpg\" alt=\"\" class=\"wp-image-675\" width=\"175\" height=\"145\" srcset=\"https:\/\/insomniaquecie.com\/wp-content\/uploads\/2021\/07\/web-PREF_region_Provence_Alpes_Cote_d_Azur_N.jpg 350w, https:\/\/insomniaquecie.com\/wp-content\/uploads\/2021\/07\/web-PREF_region_Provence_Alpes_Cote_d_Azur_N-300x248.jpg 300w\" sizes=\"(max-width: 175px) 100vw, 175px\" \/><\/figure><\/div>\n\n\n<figure class=\"wp-block-image is-resized\"><img decoding=\"async\" loading=\"lazy\" src=\"http:\/\/insomniaquecie.com\/wp-content\/uploads\/2021\/11\/Ville-de-Marseille-300x87.jpg\" alt=\"\" class=\"wp-image-772\" width=\"200\" height=\"44\"\/><\/figure>\n<\/div>\n\n\n\n<div class=\"is-layout-flow wp-block-column\">\n<figure class=\"wp-block-image is-resized\"><img decoding=\"async\" loading=\"lazy\" src=\"http:\/\/insomniaquecie.com\/wp-content\/uploads\/2021\/07\/web-logo-Arsud-Gris.jpg\" alt=\"\" class=\"wp-image-674\" width=\"225\" height=\"55\"\/><\/figure>\n\n\n\n<figure class=\"wp-block-image is-resized\"><img decoding=\"async\" loading=\"lazy\" src=\"http:\/\/insomniaquecie.com\/wp-content\/uploads\/2021\/07\/Web-Logo_ETE_Culturel_Noir.jpg\" alt=\"\" class=\"wp-image-673\" width=\"125\" height=\"125\" srcset=\"https:\/\/insomniaquecie.com\/wp-content\/uploads\/2021\/07\/Web-Logo_ETE_Culturel_Noir.jpg 350w, https:\/\/insomniaquecie.com\/wp-content\/uploads\/2021\/07\/Web-Logo_ETE_Culturel_Noir-150x150.jpg 150w, https:\/\/insomniaquecie.com\/wp-content\/uploads\/2021\/07\/Web-Logo_ETE_Culturel_Noir-300x300.jpg 300w, https:\/\/insomniaquecie.com\/wp-content\/uploads\/2021\/07\/Web-Logo_ETE_Culturel_Noir-100x100.jpg 100w\" sizes=\"(max-width: 125px) 100vw, 125px\" \/><\/figure>\n\n\n\n<p><\/p>\n<\/div>\n<\/div>\n\n\n\n<p><\/p>\n\n\n\n<figure class=\"is-layout-flex wp-block-gallery-11 wp-block-gallery has-nested-images columns-default is-cropped\"><\/figure>\n\n\n\n<p><a href=\"https:\/\/vimeo.com\/manage\/videos\/777588924\">https:\/\/vimeo.com\/manage\/videos\/777588924<\/a><\/p>\n\n\n\n<p>Lien pour le Teaser de <strong>Cr\u00e8me Glac\u00e9e<\/strong><\/p>\n","protected":false},"excerpt":{"rendered":"<p>Cr\u00e9ation 2022 Th\u00e9\u00e2tre\u00e0 partir de 8 ans C\u2019est le th\u00e8me du voyage initiatique du passage de l\u2019enfance vers l\u2019adolescence qui nous stimule \u00e0 lancer ce projet et \u00e0 porter ce texte \u00e0 la sc\u00e8ne. Ici ce passage est une \u00e9preuve qui s\u2019op\u00e8re au fond du pot&#8230; LA PI\u00c8CE\ufeff La petite Cr\u00e8me-Glac\u00e9e est une enfant solitaire, &hellip; <\/p>\n<p class=\"link-more\"><a href=\"https:\/\/insomniaquecie.com\/index.php\/creme-glacee-2\/\" class=\"more-link\">Continue reading<span class=\"screen-reader-text\"> &#8220;Cr\u00e8me-Glac\u00e9e&#8221;<\/span><\/a><\/p>\n","protected":false},"author":1,"featured_media":0,"parent":0,"menu_order":0,"comment_status":"closed","ping_status":"closed","template":"","meta":[],"_links":{"self":[{"href":"https:\/\/insomniaquecie.com\/index.php\/wp-json\/wp\/v2\/pages\/38"}],"collection":[{"href":"https:\/\/insomniaquecie.com\/index.php\/wp-json\/wp\/v2\/pages"}],"about":[{"href":"https:\/\/insomniaquecie.com\/index.php\/wp-json\/wp\/v2\/types\/page"}],"author":[{"embeddable":true,"href":"https:\/\/insomniaquecie.com\/index.php\/wp-json\/wp\/v2\/users\/1"}],"replies":[{"embeddable":true,"href":"https:\/\/insomniaquecie.com\/index.php\/wp-json\/wp\/v2\/comments?post=38"}],"version-history":[{"count":99,"href":"https:\/\/insomniaquecie.com\/index.php\/wp-json\/wp\/v2\/pages\/38\/revisions"}],"predecessor-version":[{"id":1030,"href":"https:\/\/insomniaquecie.com\/index.php\/wp-json\/wp\/v2\/pages\/38\/revisions\/1030"}],"wp:attachment":[{"href":"https:\/\/insomniaquecie.com\/index.php\/wp-json\/wp\/v2\/media?parent=38"}],"curies":[{"name":"wp","href":"https:\/\/api.w.org\/{rel}","templated":true}]}}