{"id":378,"date":"2020-06-15T17:35:08","date_gmt":"2020-06-15T15:35:08","guid":{"rendered":"http:\/\/insomniaquecie.com\/?page_id=378"},"modified":"2024-09-02T10:09:44","modified_gmt":"2024-09-02T08:09:44","slug":"linsomniaque-cie","status":"publish","type":"page","link":"https:\/\/insomniaquecie.com\/index.php\/linsomniaque-cie\/","title":{"rendered":"L&#8217;insomniaque Cie"},"content":{"rendered":"\n<figure class=\"wp-block-image\"><img decoding=\"async\" loading=\"lazy\" width=\"1024\" height=\"682\" src=\"http:\/\/insomniaquecie.com\/wp-content\/uploads\/2020\/06\/Logo-LInsomniaque-Cie-1024x682.jpg\" alt=\"\" class=\"wp-image-414\" srcset=\"https:\/\/insomniaquecie.com\/wp-content\/uploads\/2020\/06\/Logo-LInsomniaque-Cie-1024x682.jpg 1024w, https:\/\/insomniaquecie.com\/wp-content\/uploads\/2020\/06\/Logo-LInsomniaque-Cie-300x200.jpg 300w, https:\/\/insomniaquecie.com\/wp-content\/uploads\/2020\/06\/Logo-LInsomniaque-Cie-768x511.jpg 768w, https:\/\/insomniaquecie.com\/wp-content\/uploads\/2020\/06\/Logo-LInsomniaque-Cie.jpg 1280w\" sizes=\"(max-width: 706px) 89vw, (max-width: 767px) 82vw, 740px\" \/><\/figure>\n\n\n\n<p>En quelques dates&#8230;<\/p>\n\n\n\n<p>2016. Cr\u00e9ation de la compagnie<br>une n\u00e9cessit\u00e9 pour porter sur sc\u00e8ne un premier projet personnel<br>2017. <em><strong>Malfoutus<\/strong><\/em><br>une premi\u00e8re cr\u00e9ation jeune public : Texte \/Th\u00e9\u00e2tre d&#8217;objet \/ Marionnette, Cr\u00e9ation pour le Festival en Ribambelle !<br><\/p>\n\n\n\n<p>2019. <em><strong>Fly, Colton, fly<\/strong><\/em><br>L&#8217;Insomniaque Cie s&#8217;associe avec Et compagnie pour cette cr\u00e9ation, cr\u00e9ation au T.H.V (49)<\/p>\n\n\n\n<p>2021\/22. <em><strong>Cr\u00e8me glac\u00e9e<\/strong><\/em><br>les premi\u00e8res recherches \u00e0 la table d\u00e9butent d\u00e8s 2020, puis recherche de r\u00e9sidence, de co-production, r\u00e9p\u00e9titions et cr\u00e9ation en 2022 au Th\u00e9\u00e2tre Fontblanche \u00e0 Vitrolles.<\/p>\n\n\n\n<p><strong>L&#8217;Insomniaque Cie<\/strong> est r\u00e9f\u00e9renc\u00e9e depuis mars 2023, sur la plateforme <strong>ADAGE<\/strong> et propose deux offres collectives, une adapt\u00e9e aux coll\u00e9giens en classe ULIS ou en dispositif SEGPA et une autre \u00e0 l&#8217;attention des lyc\u00e9ens. <\/p>\n\n\n\n<p>2024\/25 Cr\u00e9ation des <strong><em>7 p\u00e9ch\u00e9s du Capital<\/em><\/strong><\/p>\n\n\n\n<p><em>\u00ab&nbsp;La profession th\u00e9\u00e2trale, qui appartient \u00e0 quelques-uns, ne doit pas cacher l\u2019existence et la permanence de la vocation th\u00e9\u00e2trale, qui appartient \u00e0 tous. Le th\u00e9\u00e2tre est une vocation pour tout \u00eatre humain \u00bb<\/em><\/p>\n\n\n\n<p>Augusto Boal, (<em>Le Th\u00e9\u00e2tre de l\u2019Opprim\u00e9<\/em>, 1971).<\/p>\n\n\n\n<figure class=\"wp-block-image size-large is-resized\"><img decoding=\"async\" loading=\"lazy\" src=\"http:\/\/insomniaquecie.com\/wp-content\/uploads\/2023\/05\/Mareva-1024x683.jpg\" alt=\"\" class=\"wp-image-961\" width=\"472\" height=\"314\" srcset=\"https:\/\/insomniaquecie.com\/wp-content\/uploads\/2023\/05\/Mareva-1024x683.jpg 1024w, https:\/\/insomniaquecie.com\/wp-content\/uploads\/2023\/05\/Mareva-300x200.jpg 300w, https:\/\/insomniaquecie.com\/wp-content\/uploads\/2023\/05\/Mareva-768x512.jpg 768w, https:\/\/insomniaquecie.com\/wp-content\/uploads\/2023\/05\/Mareva-1536x1024.jpg 1536w, https:\/\/insomniaquecie.com\/wp-content\/uploads\/2023\/05\/Mareva-2048x1365.jpg 2048w\" sizes=\"(max-width: 472px) 100vw, 472px\" \/><\/figure>\n","protected":false},"excerpt":{"rendered":"<p>En quelques dates&#8230; 2016. Cr\u00e9ation de la compagnieune n\u00e9cessit\u00e9 pour porter sur sc\u00e8ne un premier projet personnel2017. Malfoutusune premi\u00e8re cr\u00e9ation jeune public : Texte \/Th\u00e9\u00e2tre d&#8217;objet \/ Marionnette, Cr\u00e9ation pour le Festival en Ribambelle ! 2019. Fly, Colton, flyL&#8217;Insomniaque Cie s&#8217;associe avec Et compagnie pour cette cr\u00e9ation, cr\u00e9ation au T.H.V (49) 2021\/22. Cr\u00e8me glac\u00e9eles premi\u00e8res &hellip; <\/p>\n<p class=\"link-more\"><a href=\"https:\/\/insomniaquecie.com\/index.php\/linsomniaque-cie\/\" class=\"more-link\">Continue reading<span class=\"screen-reader-text\"> &#8220;L&#8217;insomniaque Cie&#8221;<\/span><\/a><\/p>\n","protected":false},"author":1,"featured_media":0,"parent":0,"menu_order":0,"comment_status":"closed","ping_status":"closed","template":"","meta":[],"_links":{"self":[{"href":"https:\/\/insomniaquecie.com\/index.php\/wp-json\/wp\/v2\/pages\/378"}],"collection":[{"href":"https:\/\/insomniaquecie.com\/index.php\/wp-json\/wp\/v2\/pages"}],"about":[{"href":"https:\/\/insomniaquecie.com\/index.php\/wp-json\/wp\/v2\/types\/page"}],"author":[{"embeddable":true,"href":"https:\/\/insomniaquecie.com\/index.php\/wp-json\/wp\/v2\/users\/1"}],"replies":[{"embeddable":true,"href":"https:\/\/insomniaquecie.com\/index.php\/wp-json\/wp\/v2\/comments?post=378"}],"version-history":[{"count":12,"href":"https:\/\/insomniaquecie.com\/index.php\/wp-json\/wp\/v2\/pages\/378\/revisions"}],"predecessor-version":[{"id":1079,"href":"https:\/\/insomniaquecie.com\/index.php\/wp-json\/wp\/v2\/pages\/378\/revisions\/1079"}],"wp:attachment":[{"href":"https:\/\/insomniaquecie.com\/index.php\/wp-json\/wp\/v2\/media?parent=378"}],"curies":[{"name":"wp","href":"https:\/\/api.w.org\/{rel}","templated":true}]}}