{"id":35,"date":"2020-05-28T16:43:28","date_gmt":"2020-05-28T14:43:28","guid":{"rendered":"http:\/\/insomniaquecie.com\/?page_id=35"},"modified":"2021-09-07T17:01:35","modified_gmt":"2021-09-07T15:01:35","slug":"malfoutus-2","status":"publish","type":"page","link":"https:\/\/insomniaquecie.com\/index.php\/malfoutus-2\/","title":{"rendered":"Malfoutus"},"content":{"rendered":"\n<p class=\"has-text-color has-small-font-size has-very-dark-gray-color\"><strong>Cr\u00e9ation 2017<br>Th\u00e9\u00e2tre d&#8217;objet et Marionnette<br>Dur\u00e9e : 45 &#8216;<br>A partir de 6 ans<\/strong><\/p>\n\n\n\n<div class=\"wp-block-media-text alignwide\" style=\"grid-template-columns:45% auto\"><figure class=\"wp-block-media-text__media\"><img decoding=\"async\" loading=\"lazy\" width=\"656\" height=\"1024\" src=\"http:\/\/insomniaquecie.com\/wp-content\/uploads\/2020\/09\/Malfoutus-visuel-656x1024.jpg\" alt=\"\" class=\"wp-image-512\" srcset=\"https:\/\/insomniaquecie.com\/wp-content\/uploads\/2020\/09\/Malfoutus-visuel-656x1024.jpg 656w, https:\/\/insomniaquecie.com\/wp-content\/uploads\/2020\/09\/Malfoutus-visuel-192x300.jpg 192w, https:\/\/insomniaquecie.com\/wp-content\/uploads\/2020\/09\/Malfoutus-visuel-768x1199.jpg 768w, https:\/\/insomniaquecie.com\/wp-content\/uploads\/2020\/09\/Malfoutus-visuel.jpg 820w\" sizes=\"(max-width: 656px) 100vw, 656px\" \/><\/figure><div class=\"wp-block-media-text__content\">\n<p class=\"has-small-font-size\">Les Cinq Mal Foutus acceptent leur humanit\u00e9 imparfaite, sans subir le diktat de la \u00ab Win Attitude \u00bb. Ce ne sont pas des super-h\u00e9ros, ils n\u2019ont pas de pouvoirs sp\u00e9ciaux. Ils sont gros, moches, tordus et rat\u00e9s, mais chacun d\u2019eux est soi-m\u00eame, diff\u00e9rent, unique.<\/p>\n\n\n\n<p style=\"text-align:right\" class=\"has-small-font-size\"><em>&#8220;Ils \u00e9taient cinq.<\/em><br><em>Le premier \u00e9tait trou\u00e9, <\/em><br><em>avec des trous b\u00e9ants au milieu du ventre.<\/em><br><em>Le deuxi\u00e8me \u00e9tait pli\u00e9 en deux, <\/em><br><em>comme une lettre \u00e0 poster.&nbsp;<\/em><br><em>Le troisi\u00e8me \u00e9tait mou, <\/em><br><em>toujours fatigu\u00e9 et endormi.&nbsp;<\/em><br><em>Le quatri\u00e8me \u00e9tait \u00e0 l\u2019envers. <\/em><br><em>Nez en bas et pied en l\u2019air.&nbsp;<\/em><br><em>Et le cinqui\u00e8me, comment dire&nbsp;?&nbsp;<\/em><br><em>Le cinqui\u00e8me \u00e9tait rat\u00e9 de la t\u00eate aux pieds.<\/em><br><em>Une grosse boule toute bizarre.<\/em><br><em>Une catastrophe.&nbsp;&#8221; <\/em><br><br>Beatrice Alemagna<br> <em>Les Cinq Malfoutus<\/em><br><\/p>\n<\/div><\/div>\n\n\n\n<div class=\"is-layout-flex wp-container-3 wp-block-columns has-2-columns\">\n<div class=\"is-layout-flow wp-block-column\">\n<p class=\"has-small-font-size\"><strong>MENTIONS&nbsp;OBLIGATOIRES<\/strong><br><br><strong>Partenaires<\/strong><br>Th\u00e9\u00e2tre Massalia &#8211; Sc\u00e8ne conventionn\u00e9e, Marseille (13) \/ 3bisf &#8211; Lieu d\u2019arts contemporains, Aix-en-Provence (13) \/ Festival de Marionnettes R\u00e9ciDives, Dives-sur-mer (14) \/ Th\u00e9\u00e2tre de l\u2019Olivier, Istres (13) \/Th\u00e9\u00e2tre de Fos-sur-mer (13) \/ Th\u00e9\u00e2tre Comoedia, Aubagne (13)<br><strong>Soutiens<\/strong><br>Th\u00e9\u00e2tre de Cuisine &#8211; Compagnie conventionn\u00e9e, Marseille (13) \/ Skappa ! &amp; associ\u00e9e !, Marseille (13)<\/p>\n<\/div>\n\n\n\n<div class=\"is-layout-flow wp-block-column\">\n<p class=\"has-small-font-size\"><strong>DISTRIBUTION<\/strong><br><\/p>\n\n\n\n<p>Texte <strong>Beatrice Alemagna<\/strong><br>Conception, construction, interpr\u00e9tation<br><strong>Mar\u00e9va Carassou<\/strong><br>Collaborations artistiques<br><strong>Virginie Gaillard et H\u00e9l\u00e8ne Lina Bosch<\/strong><br>Regard ext\u00e9rieur<br><strong>Maud Hufnagel<\/strong><br>Regard ext\u00e9rieur sur la construction<br>de la maquette de Malfoutus<br><strong>Fr\u00e9d\u00e9ric Pichon<\/strong><br><\/p>\n<\/div>\n<\/div>\n\n\n\n<hr class=\"wp-block-separator is-style-wide\"\/>\n\n\n\n<p style=\"text-align:right\" class=\"has-small-font-size\"><strong>DOSSIERS<\/strong> &#8211; \u00e0 t\u00e9l\u00e9charger<br>\u2022 <a rel=\"noreferrer noopener\" href=\"http:\/\/insomniaquecie.com\/wp-content\/uploads\/2020\/06\/Dossier-Malfoutus.pdf\" target=\"_blank\">Dossier de Pr\u00e9sentation<\/a><br>\u2022 <a href=\"http:\/\/insomniaquecie.com\/wp-content\/uploads\/2020\/09\/Fiche-technique-Malfoutus.pdf\" target=\"_blank\" rel=\"noreferrer noopener\" aria-label=\"Fiche technique (s\u2019ouvre dans un nouvel onglet)\">Fiche technique<\/a><br><\/p>\n\n\n\n<hr class=\"wp-block-separator is-style-wide\"\/>\n\n\n\n<p class=\"has-small-font-size\"><strong>GALERIE DE PHOTOS<\/strong> &#8211; \u00a9 L&#8217;Insomniaque Cie<\/p>\n\n\n\n<ul class=\"is-layout-flex wp-block-gallery-4 wp-block-gallery columns-4 is-cropped\"><li class=\"blocks-gallery-item\"><figure><a href=\"http:\/\/insomniaquecie.com\/wp-content\/uploads\/2020\/06\/rat\u00e9-1024x683.jpg\"><img decoding=\"async\" loading=\"lazy\" width=\"1024\" height=\"683\" src=\"http:\/\/insomniaquecie.com\/wp-content\/uploads\/2020\/06\/rat\u00e9-1024x683.jpg\" alt=\"\" data-id=\"150\" data-link=\"http:\/\/insomniaquecie.com\/index.php\/malfoutus-2\/rate\/\" class=\"wp-image-150\" srcset=\"https:\/\/insomniaquecie.com\/wp-content\/uploads\/2020\/06\/rat\u00e9-1024x683.jpg 1024w, https:\/\/insomniaquecie.com\/wp-content\/uploads\/2020\/06\/rat\u00e9-300x200.jpg 300w, https:\/\/insomniaquecie.com\/wp-content\/uploads\/2020\/06\/rat\u00e9-768x512.jpg 768w, https:\/\/insomniaquecie.com\/wp-content\/uploads\/2020\/06\/rat\u00e9.jpg 1620w\" sizes=\"(max-width: 706px) 89vw, (max-width: 767px) 82vw, 740px\" \/><\/a><\/figure><\/li><li class=\"blocks-gallery-item\"><figure><a href=\"http:\/\/insomniaquecie.com\/wp-content\/uploads\/2020\/06\/trou\u00e9-et-moi-lumi\u00e8re-jpeg.jpeg\"><img decoding=\"async\" loading=\"lazy\" width=\"480\" height=\"640\" src=\"http:\/\/insomniaquecie.com\/wp-content\/uploads\/2020\/06\/trou\u00e9-et-moi-lumi\u00e8re-jpeg.jpeg\" alt=\"\" data-id=\"151\" data-link=\"http:\/\/insomniaquecie.com\/index.php\/malfoutus-2\/troue-et-moi-lumiere-jpeg\/\" class=\"wp-image-151\" srcset=\"https:\/\/insomniaquecie.com\/wp-content\/uploads\/2020\/06\/trou\u00e9-et-moi-lumi\u00e8re-jpeg.jpeg 480w, https:\/\/insomniaquecie.com\/wp-content\/uploads\/2020\/06\/trou\u00e9-et-moi-lumi\u00e8re-jpeg-225x300.jpeg 225w\" sizes=\"(max-width: 480px) 100vw, 480px\" \/><\/a><\/figure><\/li><li class=\"blocks-gallery-item\"><figure><a href=\"http:\/\/insomniaquecie.com\/wp-content\/uploads\/2020\/06\/trou\u00e9.jpeg\"><img decoding=\"async\" loading=\"lazy\" width=\"480\" height=\"640\" src=\"http:\/\/insomniaquecie.com\/wp-content\/uploads\/2020\/06\/trou\u00e9.jpeg\" alt=\"\" data-id=\"152\" data-link=\"http:\/\/insomniaquecie.com\/index.php\/malfoutus-2\/troue\/\" class=\"wp-image-152\" srcset=\"https:\/\/insomniaquecie.com\/wp-content\/uploads\/2020\/06\/trou\u00e9.jpeg 480w, https:\/\/insomniaquecie.com\/wp-content\/uploads\/2020\/06\/trou\u00e9-225x300.jpeg 225w\" sizes=\"(max-width: 480px) 100vw, 480px\" \/><\/a><\/figure><\/li><li class=\"blocks-gallery-item\"><figure><a href=\"http:\/\/insomniaquecie.com\/wp-content\/uploads\/2020\/06\/mou.jpeg\"><img decoding=\"async\" loading=\"lazy\" width=\"480\" height=\"640\" src=\"http:\/\/insomniaquecie.com\/wp-content\/uploads\/2020\/06\/mou.jpeg\" alt=\"\" data-id=\"149\" data-link=\"http:\/\/insomniaquecie.com\/index.php\/malfoutus-2\/mou\/\" class=\"wp-image-149\" srcset=\"https:\/\/insomniaquecie.com\/wp-content\/uploads\/2020\/06\/mou.jpeg 480w, https:\/\/insomniaquecie.com\/wp-content\/uploads\/2020\/06\/mou-225x300.jpeg 225w\" sizes=\"(max-width: 480px) 100vw, 480px\" \/><\/a><\/figure><\/li><\/ul>\n\n\n\n<p class=\"has-small-font-size\"><strong>BANDE ANNONCE<\/strong><\/p>\n\n\n\n<figure class=\"wp-block-embed-vimeo aligncenter wp-block-embed is-type-video is-provider-vimeo wp-embed-aspect-16-9 wp-has-aspect-ratio\"><div class=\"wp-block-embed__wrapper\">\n<iframe loading=\"lazy\" title=\"teaser\" src=\"https:\/\/player.vimeo.com\/video\/239462420?dnt=1&amp;app_id=122963\" width=\"525\" height=\"295\" frameborder=\"0\" allow=\"autoplay; fullscreen; picture-in-picture; clipboard-write; encrypted-media; web-share\" referrerpolicy=\"strict-origin-when-cross-origin\"><\/iframe>\n<\/div><\/figure>\n\n\n\n<ul class=\"is-layout-flex wp-block-gallery-6 wp-block-gallery columns-1 is-cropped\"><li class=\"blocks-gallery-item\"><figure><img decoding=\"async\" loading=\"lazy\" width=\"1024\" height=\"803\" src=\"http:\/\/insomniaquecie.com\/wp-content\/uploads\/2021\/06\/article-Zibeline-1024x803.jpeg\" alt=\"\" data-id=\"643\" data-link=\"http:\/\/insomniaquecie.com\/article-zibeline\/\" class=\"wp-image-643\" srcset=\"https:\/\/insomniaquecie.com\/wp-content\/uploads\/2021\/06\/article-Zibeline-1024x803.jpeg 1024w, https:\/\/insomniaquecie.com\/wp-content\/uploads\/2021\/06\/article-Zibeline-300x235.jpeg 300w, https:\/\/insomniaquecie.com\/wp-content\/uploads\/2021\/06\/article-Zibeline-768x603.jpeg 768w\" sizes=\"(max-width: 706px) 89vw, (max-width: 767px) 82vw, 740px\" \/><\/figure><\/li><\/ul>\n","protected":false},"excerpt":{"rendered":"<p>Cr\u00e9ation 2017Th\u00e9\u00e2tre d&#8217;objet et MarionnetteDur\u00e9e : 45 &#8216;A partir de 6 ans Les Cinq Mal Foutus acceptent leur humanit\u00e9 imparfaite, sans subir le diktat de la \u00ab Win Attitude \u00bb. Ce ne sont pas des super-h\u00e9ros, ils n\u2019ont pas de pouvoirs sp\u00e9ciaux. Ils sont gros, moches, tordus et rat\u00e9s, mais chacun d\u2019eux est soi-m\u00eame, diff\u00e9rent, &hellip; <\/p>\n<p class=\"link-more\"><a href=\"https:\/\/insomniaquecie.com\/index.php\/malfoutus-2\/\" class=\"more-link\">Continue reading<span class=\"screen-reader-text\"> &#8220;Malfoutus&#8221;<\/span><\/a><\/p>\n","protected":false},"author":1,"featured_media":0,"parent":0,"menu_order":0,"comment_status":"closed","ping_status":"closed","template":"","meta":[],"_links":{"self":[{"href":"https:\/\/insomniaquecie.com\/index.php\/wp-json\/wp\/v2\/pages\/35"}],"collection":[{"href":"https:\/\/insomniaquecie.com\/index.php\/wp-json\/wp\/v2\/pages"}],"about":[{"href":"https:\/\/insomniaquecie.com\/index.php\/wp-json\/wp\/v2\/types\/page"}],"author":[{"embeddable":true,"href":"https:\/\/insomniaquecie.com\/index.php\/wp-json\/wp\/v2\/users\/1"}],"replies":[{"embeddable":true,"href":"https:\/\/insomniaquecie.com\/index.php\/wp-json\/wp\/v2\/comments?post=35"}],"version-history":[{"count":49,"href":"https:\/\/insomniaquecie.com\/index.php\/wp-json\/wp\/v2\/pages\/35\/revisions"}],"predecessor-version":[{"id":936,"href":"https:\/\/insomniaquecie.com\/index.php\/wp-json\/wp\/v2\/pages\/35\/revisions\/936"}],"wp:attachment":[{"href":"https:\/\/insomniaquecie.com\/index.php\/wp-json\/wp\/v2\/media?parent=35"}],"curies":[{"name":"wp","href":"https:\/\/api.w.org\/{rel}","templated":true}]}}