{"id":231,"date":"2020-06-12T12:41:32","date_gmt":"2020-06-12T10:41:32","guid":{"rendered":"http:\/\/insomniaquecie.com\/?page_id=231"},"modified":"2026-03-27T17:31:58","modified_gmt":"2026-03-27T16:31:58","slug":"agenda","status":"publish","type":"page","link":"https:\/\/insomniaquecie.com\/index.php\/agenda\/","title":{"rendered":"Au r\u00e9pertoire et en tourn\u00e9e.."},"content":{"rendered":"\n<h2 class=\"has-text-align-left\">MALFOUTUS<\/h2>\n\n\n\n<p>19\/O9\/20 &#8211; Festival de Festifaget (31) &#8211; <strong>Report au Festival 2021<\/strong><\/p>\n\n\n\n<p>23\/10\/20 &#8211; Mairie Saint-Cannat (13) \u00e0 15h3O<\/p>\n\n\n\n<p>13\/02\/21 &#8211; Th\u00e9\u00e2tre de L&#8217;\u0152uvre, Marseille (13) 14H <\/p>\n\n\n\n<p>Sur le catalogue de <em><strong>Provence en sc\u00e8ne<\/strong><\/em> 2019\/2021<\/p>\n\n\n\n<h2>FLY, COLTON, FLY<\/h2>\n\n\n\n<p>26\/01\/22  &#8211; Sc\u00e8ne de Pays (Th\u00e9\u00e2tre Forail Chemill\u00e9)(49) 10H<\/p>\n\n\n\n<p>27 et  28\/01\/22 -Sc\u00e8ne de Pays (Th\u00e9\u00e2tre Forail Chemill\u00e9) 10H et 14H30<\/p>\n\n\n\n<p>01\/02\/22- Le May sur Evre (salle Jean Ferrat) (49) \u00e0 14h30 et 20h<br>04\/02\/22 &#8211; Tierc\u00e9 (49) \u00e0 20h Annul\u00e922\/03\/22- Ponts de C\u00e9 (49) 14H30<\/p>\n\n\n\n<p>25\/03\/22 &#8211; Beaufort 20H30<br>Sur le catalogue de <em><strong>Provence en sc\u00e8ne<\/strong><\/em> 2021\/2022<br><\/p>\n\n\n\n<h2>CR\u00c8ME GLAC\u00c9E<\/h2>\n\n\n\n<p>20 juillet, Festival le Totem. De la page \u00e0 la sc\u00e8ne, Avignon<\/p>\n\n\n\n<p>14 au 18\/12\/20 &#8211; R\u00e9sidence au Th\u00e9\u00e2tre de Cuisine, Marseille <\/p>\n\n\n\n<p>7 au 18\/02\/2022 &#8211; R\u00e9sidence au Th\u00e9\u00e2tre de Fontblanche, Vitrolles<\/p>\n\n\n\n<p><strong>Sortie de r\u00e9sidence <\/strong>au Th\u00e9\u00e2tre Fontblanche, Vitrolles &#8211;&nbsp;<strong>Vendredi 18 f\u00e9vrier 2022 \u00e0 15H<\/strong><br><\/p>\n\n\n\n<p>21\/02 au 04\/03 -R\u00e9sidence Joliette au Th\u00e9\u00e2tre du Lenche, Marseille<\/p>\n\n\n\n<p><strong>Sortie de r\u00e9sidence<\/strong> auTh\u00e9\u00e2tre de Lenche, Marseille &#8211; <strong>Vendredi 4 mars 2022 \u00e0 15h <\/strong><\/p>\n\n\n\n<p>19 au 24\/04 -R\u00e9sidence au Th\u00e9\u00e2tre du Totem, Avignon<\/p>\n\n\n\n<p><strong>Sortie de r\u00e9sidence<\/strong> -Totem, Avignon &#8211;<strong>22\/04  \u00e0 15H 12\/05\/ 2022 <\/strong><\/p>\n\n\n\n<p class=\"has-text-align-left\"><\/p>\n\n\n\n<p><strong>En Tourn\u00e9e 2022\/2023<\/strong><\/p>\n\n\n\n<p><br><strong>12\/05 et 13\/05\/2022,<\/strong> Th\u00e9\u00e2tre de Fontblanche, Vitrolles \u00e0 14h30 le 12 et 14H30 et 19h le 13<\/p>\n\n\n\n<p><strong>Festival En Ribambelle 2022 !<\/strong><\/p>\n\n\n\n<p><strong> 202219\/10\/2022 et<\/strong> <strong>20\/10\/2022,<\/strong> Th\u00e9\u00e2tre Comoedia, Aubagne \u00e0 14H30 le 19 et 10H le 20.<\/p>\n\n\n\n<p> <strong>26\/10\/2022  et 27\/10\/2022,<\/strong>Th\u00e9\u00e2tre Joliette, Marseille \u00e0 15 h et 19h le 26 et 15H le 27 <\/p>\n\n\n\n<p><\/p>\n\n\n\n<p><strong> 18 \/11\/2022 et 19\/11\/2022, <\/strong>Espace G\u00e9rard Philippe \u00e0 Port-Saint-Louis-du-Rh\u00f4ne, le 18 \u00e0 14H30 et le 19 \u00e0 11H.<\/p>\n\n\n\n<p><strong>10\/01\/2023,<\/strong> Centre Dramatique des Villages du Haut Vaucluse \u00e0 10h et 14h, Boll\u00e8ne (84)<\/p>\n\n\n\n<p><strong>01\/03\/2023 <\/strong>Th\u00e9\u00e2tre de<strong>&nbsp;<\/strong>Pertuis \u00e0 14h30, <strong> <\/strong><\/p>\n\n\n\n<p><strong>Festival R\u00e9gion en sc\u00e8ne 2023<\/strong><\/p>\n\n\n\n<p><strong>02\/03\/2023 <\/strong>Th\u00e9\u00e2tre de<strong>&nbsp;<\/strong>Pertuis 10h et 14h (scolaires)<\/p>\n\n\n\n<p><strong>10\/03\/2023<\/strong>, Th\u00e9\u00e2tre Marelios, la Valette-du-Var 14H30 (scolaire) et 20H00 (tout public)<\/p>\n\n\n\n<p><strong>30\/03\/2023<\/strong>, Saint-Mitre-Les Remparts, La Manare 14h30<\/p>\n\n\n\n<p><strong>04 et 05\/04\/2023, <\/strong>L\u2019Oppidum \u00e0 Cornillon-Confoux 10h et 14h30 (scolaires), le 5 \u00e0 16h (tout public)<\/p>\n\n\n\n<p><strong>07\/04\/2023<\/strong>, Forum de Berre l&#8217;\u00e9tang, 10H et 14H<\/p>\n\n\n\n<p>Spectacle sur le catalogue <em><strong>Provence en Sc\u00e8ne <\/strong><\/em>22-23-24<br><strong>14\/11\/2023<\/strong> Th\u00e9\u00e2tre Jean Le Bleu, Manosque, 09h45<\/p>\n\n\n\n<p><strong>19\/03\/2024<\/strong> Centre d&#8217;animation de la Ville de Rognac, 9h45 et 14h30<\/p>\n\n\n\n<h2><strong>EN TOURN\u00c9E<\/strong> <\/h2>\n\n\n\n<h2><strong>Les 7 p\u00e9ch\u00e9s du Capital <\/strong><\/h2>\n\n\n\n<p><\/p>\n\n\n\n<p><strong>Le 12\/10\/2024<\/strong> La Gourmandise au Cabaret de Trop \u00e0 Pibrac 31820.<\/p>\n\n\n\n<p><strong>Le 18 et 19\/10\/2024<\/strong> La Gourmandise au Th\u00e9\u00e2tre Marie-Jeanne, Marseille 13005<\/p>\n\n\n\n<p><strong>Le 25\/01\/2025<\/strong> La Paresse, Octopode Party, Friche de la Belle de Mai, 13003.<\/p>\n\n\n\n<p><strong>Le 06\/02\/2025<\/strong> La Paresse et la Gourmandise, au Cabaret de Trop \u00e0 Ramonville 31520.<\/p>\n\n\n\n<p><strong>Le 21\/03\/202<\/strong>5 au P\u00e9riscope Gourmandise et Paresse 30900.<\/p>\n\n\n\n<p><strong>Les 19 et 20\/04\/2025 <\/strong>au Festival Grand M\u00e9nage \u00e0 La Tour d&#8217;Aigues \u00e0 12h15 et 19h30<\/p>\n\n\n\n<p><strong>Le 07\/12\/2025<\/strong> P\u00e9ch\u00e9 de Gourmandise et d&#8217;Avarice au Festival du March\u00e9 Noir des Petites Utopies &#8211; Anima Th\u00e9\u00e2tre<\/p>\n\n\n\n<p><strong>Le 13\/03\/2026<\/strong> P\u00e9ch\u00e9 d&#8217;Avarice au Th\u00e9\u00e2tre du P\u00e9riscope, cabaret Tac Tac \u00e0 19h<\/p>\n\n\n\n<p><strong>Le 09\/08\/2026<\/strong> P\u00e9ch\u00e9 d&#8217;Avarice, de Gourmandise et de Paresse au Festival \u00c0 2 mains, Ch\u00e2tel en Tri\u00e8ves \u00e0 11h.<\/p>\n\n\n\n<p><\/p>\n","protected":false},"excerpt":{"rendered":"<p>MALFOUTUS 19\/O9\/20 &#8211; Festival de Festifaget (31) &#8211; Report au Festival 2021 23\/10\/20 &#8211; Mairie Saint-Cannat (13) \u00e0 15h3O 13\/02\/21 &#8211; Th\u00e9\u00e2tre de L&#8217;\u0152uvre, Marseille (13) 14H Sur le catalogue de Provence en sc\u00e8ne 2019\/2021 FLY, COLTON, FLY 26\/01\/22 &#8211; Sc\u00e8ne de Pays (Th\u00e9\u00e2tre Forail Chemill\u00e9)(49) 10H 27 et 28\/01\/22 -Sc\u00e8ne de Pays (Th\u00e9\u00e2tre Forail &hellip; <\/p>\n<p class=\"link-more\"><a href=\"https:\/\/insomniaquecie.com\/index.php\/agenda\/\" class=\"more-link\">Continue reading<span class=\"screen-reader-text\"> &#8220;Au r\u00e9pertoire et en tourn\u00e9e..&#8221;<\/span><\/a><\/p>\n","protected":false},"author":1,"featured_media":0,"parent":0,"menu_order":0,"comment_status":"closed","ping_status":"closed","template":"","meta":[],"_links":{"self":[{"href":"https:\/\/insomniaquecie.com\/index.php\/wp-json\/wp\/v2\/pages\/231"}],"collection":[{"href":"https:\/\/insomniaquecie.com\/index.php\/wp-json\/wp\/v2\/pages"}],"about":[{"href":"https:\/\/insomniaquecie.com\/index.php\/wp-json\/wp\/v2\/types\/page"}],"author":[{"embeddable":true,"href":"https:\/\/insomniaquecie.com\/index.php\/wp-json\/wp\/v2\/users\/1"}],"replies":[{"embeddable":true,"href":"https:\/\/insomniaquecie.com\/index.php\/wp-json\/wp\/v2\/comments?post=231"}],"version-history":[{"count":79,"href":"https:\/\/insomniaquecie.com\/index.php\/wp-json\/wp\/v2\/pages\/231\/revisions"}],"predecessor-version":[{"id":1210,"href":"https:\/\/insomniaquecie.com\/index.php\/wp-json\/wp\/v2\/pages\/231\/revisions\/1210"}],"wp:attachment":[{"href":"https:\/\/insomniaquecie.com\/index.php\/wp-json\/wp\/v2\/media?parent=231"}],"curies":[{"name":"wp","href":"https:\/\/api.w.org\/{rel}","templated":true}]}}